{"id":101,"date":"2023-12-11T17:09:09","date_gmt":"2023-12-11T16:09:09","guid":{"rendered":"https:\/\/rybnicek-zebraky.cz\/?page_id=101"},"modified":"2024-06-26T14:09:28","modified_gmt":"2024-06-26T12:09:28","slug":"galerie-zazitku","status":"publish","type":"page","link":"https:\/\/rybnicek-zebraky.cz\/index.php\/galerie-zazitku\/","title":{"rendered":"Galerie Z\u00e1\u017eitk\u016f"},"content":{"rendered":"\n<p>V\u011bt\u0161inou je u rybn\u00ed\u010dku klid a pohoda a mo\u017en\u00e1 potk\u00e1te n\u011bjak\u00e9ho ze st\u00e1l\u00fdch m\u00edstn\u00edch ryb\u00e1\u0159\u016f. N\u011bkter\u00e9 ilustra\u010dn\u00ed fotky jsou z uplynul\u00fdch m\u00edstn\u00edch ryb\u00e1\u0159sk\u00fdch z\u00e1vod\u016f. Norm\u00e1ln\u011b u n\u00e1s tolik ryb\u00e1\u0159\u016f najednou nenajdete.<\/p>\n\n\n\n<p><\/p>\n\n\n\n<div class=\"wp-block-group alignfull has-global-padding is-layout-constrained wp-container-core-group-is-layout-a919c335 wp-block-group-is-layout-constrained\" style=\"margin-top:0;margin-bottom:0;padding-top:0;padding-right:var(--wp--preset--spacing--30);padding-bottom:0;padding-left:var(--wp--preset--spacing--30)\">\n<div class=\"wp-block-columns alignfull is-layout-flex wp-container-core-columns-is-layout-ff4b9c61 wp-block-columns-is-layout-flex\" style=\"margin-top:0;margin-bottom:0\">\n<div class=\"wp-block-column is-layout-flow wp-container-core-column-is-layout-8a368f38 wp-block-column-is-layout-flow\">\n<figure class=\"wp-block-image size-full is-style-rounded is-style-rounded--1\"><img loading=\"lazy\" decoding=\"async\" width=\"900\" height=\"600\" src=\"https:\/\/rybnicek-zebraky.cz\/wp-content\/uploads\/2023\/12\/img0944.jpg\" alt=\"\" class=\"wp-image-106\" style=\"aspect-ratio:4\/3;object-fit:cover\" srcset=\"https:\/\/rybnicek-zebraky.cz\/wp-content\/uploads\/2023\/12\/img0944.jpg 900w, https:\/\/rybnicek-zebraky.cz\/wp-content\/uploads\/2023\/12\/img0944-300x200.jpg 300w, https:\/\/rybnicek-zebraky.cz\/wp-content\/uploads\/2023\/12\/img0944-768x512.jpg 768w, https:\/\/rybnicek-zebraky.cz\/wp-content\/uploads\/2023\/12\/img0944-600x400.jpg 600w\" sizes=\"auto, (max-width: 900px) 100vw, 900px\" \/><\/figure>\n\n\n\n<div style=\"height:var(--wp--preset--spacing--50)\" aria-hidden=\"true\" class=\"wp-block-spacer\"><\/div>\n\n\n\n<figure class=\"wp-block-image size-large is-style-rounded is-style-rounded--2\"><img loading=\"lazy\" decoding=\"async\" width=\"1024\" height=\"404\" src=\"https:\/\/rybnicek-zebraky.cz\/wp-content\/uploads\/2023\/12\/Zebraky2022-48-1024x404.jpeg\" alt=\"\" class=\"wp-image-25\" style=\"aspect-ratio:3\/4;object-fit:cover\" srcset=\"https:\/\/rybnicek-zebraky.cz\/wp-content\/uploads\/2023\/12\/Zebraky2022-48-1024x404.jpeg 1024w, https:\/\/rybnicek-zebraky.cz\/wp-content\/uploads\/2023\/12\/Zebraky2022-48-scaled-600x237.jpeg 600w, https:\/\/rybnicek-zebraky.cz\/wp-content\/uploads\/2023\/12\/Zebraky2022-48-300x118.jpeg 300w, https:\/\/rybnicek-zebraky.cz\/wp-content\/uploads\/2023\/12\/Zebraky2022-48-768x303.jpeg 768w, https:\/\/rybnicek-zebraky.cz\/wp-content\/uploads\/2023\/12\/Zebraky2022-48-1536x606.jpeg 1536w, https:\/\/rybnicek-zebraky.cz\/wp-content\/uploads\/2023\/12\/Zebraky2022-48-2048x808.jpeg 2048w\" sizes=\"auto, (max-width: 1024px) 100vw, 1024px\" \/><\/figure>\n\n\n\n<div style=\"height:var(--wp--preset--spacing--50)\" aria-hidden=\"true\" class=\"wp-block-spacer\"><\/div>\n\n\n\n<figure class=\"wp-block-image size-large is-style-rounded is-style-rounded--3\"><img loading=\"lazy\" decoding=\"async\" width=\"1024\" height=\"768\" src=\"https:\/\/rybnicek-zebraky.cz\/wp-content\/uploads\/2023\/12\/Zebraky2022-24-1024x768.jpeg\" alt=\"\" class=\"wp-image-19\" style=\"aspect-ratio:3\/4;object-fit:cover\" srcset=\"https:\/\/rybnicek-zebraky.cz\/wp-content\/uploads\/2023\/12\/Zebraky2022-24-1024x768.jpeg 1024w, https:\/\/rybnicek-zebraky.cz\/wp-content\/uploads\/2023\/12\/Zebraky2022-24-600x450.jpeg 600w, https:\/\/rybnicek-zebraky.cz\/wp-content\/uploads\/2023\/12\/Zebraky2022-24-300x225.jpeg 300w, https:\/\/rybnicek-zebraky.cz\/wp-content\/uploads\/2023\/12\/Zebraky2022-24-768x576.jpeg 768w, https:\/\/rybnicek-zebraky.cz\/wp-content\/uploads\/2023\/12\/Zebraky2022-24-1536x1152.jpeg 1536w, https:\/\/rybnicek-zebraky.cz\/wp-content\/uploads\/2023\/12\/Zebraky2022-24.jpeg 2000w\" sizes=\"auto, (max-width: 1024px) 100vw, 1024px\" \/><\/figure>\n\n\n\n<div style=\"height:100px\" aria-hidden=\"true\" class=\"wp-block-spacer\"><\/div>\n\n\n\n<figure class=\"wp-block-image size-large is-style-rounded is-style-rounded--4\"><img loading=\"lazy\" decoding=\"async\" width=\"768\" height=\"1024\" src=\"https:\/\/rybnicek-zebraky.cz\/wp-content\/uploads\/2024\/06\/IMG_2553-768x1024.jpg\" alt=\"\" class=\"wp-image-154\" srcset=\"https:\/\/rybnicek-zebraky.cz\/wp-content\/uploads\/2024\/06\/IMG_2553-768x1024.jpg 768w, https:\/\/rybnicek-zebraky.cz\/wp-content\/uploads\/2024\/06\/IMG_2553-225x300.jpg 225w, https:\/\/rybnicek-zebraky.cz\/wp-content\/uploads\/2024\/06\/IMG_2553-1152x1536.jpg 1152w, https:\/\/rybnicek-zebraky.cz\/wp-content\/uploads\/2024\/06\/IMG_2553-1536x2048.jpg 1536w, https:\/\/rybnicek-zebraky.cz\/wp-content\/uploads\/2024\/06\/IMG_2553-1320x1760.jpg 1320w, https:\/\/rybnicek-zebraky.cz\/wp-content\/uploads\/2024\/06\/IMG_2553-600x800.jpg 600w, https:\/\/rybnicek-zebraky.cz\/wp-content\/uploads\/2024\/06\/IMG_2553-scaled.jpg 1920w\" sizes=\"auto, (max-width: 768px) 100vw, 768px\" \/><\/figure>\n<\/div>\n\n\n\n<div class=\"wp-block-column is-layout-flow wp-container-core-column-is-layout-8a368f38 wp-block-column-is-layout-flow\">\n<div style=\"height:var(--wp--preset--spacing--50)\" aria-hidden=\"true\" class=\"wp-block-spacer\"><\/div>\n\n\n\n<figure class=\"wp-block-image size-full is-style-rounded is-style-rounded--5\"><img loading=\"lazy\" decoding=\"async\" width=\"900\" height=\"600\" src=\"https:\/\/rybnicek-zebraky.cz\/wp-content\/uploads\/2023\/12\/img0942.jpg\" alt=\"\" class=\"wp-image-105\" style=\"aspect-ratio:3\/4;object-fit:cover\" srcset=\"https:\/\/rybnicek-zebraky.cz\/wp-content\/uploads\/2023\/12\/img0942.jpg 900w, https:\/\/rybnicek-zebraky.cz\/wp-content\/uploads\/2023\/12\/img0942-300x200.jpg 300w, https:\/\/rybnicek-zebraky.cz\/wp-content\/uploads\/2023\/12\/img0942-768x512.jpg 768w, https:\/\/rybnicek-zebraky.cz\/wp-content\/uploads\/2023\/12\/img0942-600x400.jpg 600w\" sizes=\"auto, (max-width: 900px) 100vw, 900px\" \/><\/figure>\n\n\n\n<div style=\"height:var(--wp--preset--spacing--50)\" aria-hidden=\"true\" class=\"wp-block-spacer\"><\/div>\n\n\n\n<figure class=\"wp-block-image size-full is-style-rounded is-style-rounded--6\"><img loading=\"lazy\" decoding=\"async\" width=\"900\" height=\"600\" src=\"https:\/\/rybnicek-zebraky.cz\/wp-content\/uploads\/2023\/12\/IMG_1372.jpg\" alt=\"\" class=\"wp-image-108\" style=\"aspect-ratio:1;object-fit:cover\" srcset=\"https:\/\/rybnicek-zebraky.cz\/wp-content\/uploads\/2023\/12\/IMG_1372.jpg 900w, https:\/\/rybnicek-zebraky.cz\/wp-content\/uploads\/2023\/12\/IMG_1372-300x200.jpg 300w, https:\/\/rybnicek-zebraky.cz\/wp-content\/uploads\/2023\/12\/IMG_1372-768x512.jpg 768w, https:\/\/rybnicek-zebraky.cz\/wp-content\/uploads\/2023\/12\/IMG_1372-600x400.jpg 600w\" sizes=\"auto, (max-width: 900px) 100vw, 900px\" \/><\/figure>\n\n\n\n<div style=\"height:var(--wp--preset--spacing--50)\" aria-hidden=\"true\" class=\"wp-block-spacer\"><\/div>\n\n\n\n<figure class=\"wp-block-image size-large is-style-rounded is-style-rounded--7\"><img loading=\"lazy\" decoding=\"async\" width=\"1024\" height=\"768\" src=\"https:\/\/rybnicek-zebraky.cz\/wp-content\/uploads\/2023\/12\/Zebraky2022-27-1024x768.jpeg\" alt=\"\" class=\"wp-image-20\" style=\"aspect-ratio:1;object-fit:cover\" srcset=\"https:\/\/rybnicek-zebraky.cz\/wp-content\/uploads\/2023\/12\/Zebraky2022-27-1024x768.jpeg 1024w, https:\/\/rybnicek-zebraky.cz\/wp-content\/uploads\/2023\/12\/Zebraky2022-27-600x450.jpeg 600w, https:\/\/rybnicek-zebraky.cz\/wp-content\/uploads\/2023\/12\/Zebraky2022-27-300x225.jpeg 300w, https:\/\/rybnicek-zebraky.cz\/wp-content\/uploads\/2023\/12\/Zebraky2022-27-768x576.jpeg 768w, https:\/\/rybnicek-zebraky.cz\/wp-content\/uploads\/2023\/12\/Zebraky2022-27-1536x1152.jpeg 1536w, https:\/\/rybnicek-zebraky.cz\/wp-content\/uploads\/2023\/12\/Zebraky2022-27.jpeg 2000w\" sizes=\"auto, (max-width: 1024px) 100vw, 1024px\" \/><\/figure>\n\n\n\n<div style=\"height:100px\" aria-hidden=\"true\" class=\"wp-block-spacer\"><\/div>\n<\/div>\n\n\n\n<div class=\"wp-block-column is-layout-flow wp-container-core-column-is-layout-8a368f38 wp-block-column-is-layout-flow\">\n<figure class=\"wp-block-image size-full is-style-rounded is-style-rounded--8\"><img loading=\"lazy\" decoding=\"async\" width=\"900\" height=\"600\" src=\"https:\/\/rybnicek-zebraky.cz\/wp-content\/uploads\/2023\/12\/img0952.jpg\" alt=\"\" class=\"wp-image-107\" style=\"aspect-ratio:3\/4;object-fit:cover\" srcset=\"https:\/\/rybnicek-zebraky.cz\/wp-content\/uploads\/2023\/12\/img0952.jpg 900w, https:\/\/rybnicek-zebraky.cz\/wp-content\/uploads\/2023\/12\/img0952-300x200.jpg 300w, https:\/\/rybnicek-zebraky.cz\/wp-content\/uploads\/2023\/12\/img0952-768x512.jpg 768w, https:\/\/rybnicek-zebraky.cz\/wp-content\/uploads\/2023\/12\/img0952-600x400.jpg 600w\" sizes=\"auto, (max-width: 900px) 100vw, 900px\" \/><\/figure>\n\n\n\n<div style=\"height:var(--wp--preset--spacing--50)\" aria-hidden=\"true\" class=\"wp-block-spacer\"><\/div>\n\n\n\n<figure class=\"wp-block-image size-full is-style-rounded is-style-rounded--9\"><img loading=\"lazy\" decoding=\"async\" width=\"900\" height=\"600\" src=\"https:\/\/rybnicek-zebraky.cz\/wp-content\/uploads\/2023\/12\/IMG_1346.jpg\" alt=\"\" class=\"wp-image-109\" style=\"aspect-ratio:3\/4;object-fit:cover\" srcset=\"https:\/\/rybnicek-zebraky.cz\/wp-content\/uploads\/2023\/12\/IMG_1346.jpg 900w, https:\/\/rybnicek-zebraky.cz\/wp-content\/uploads\/2023\/12\/IMG_1346-300x200.jpg 300w, https:\/\/rybnicek-zebraky.cz\/wp-content\/uploads\/2023\/12\/IMG_1346-768x512.jpg 768w, https:\/\/rybnicek-zebraky.cz\/wp-content\/uploads\/2023\/12\/IMG_1346-600x400.jpg 600w\" sizes=\"auto, (max-width: 900px) 100vw, 900px\" \/><\/figure>\n\n\n\n<div style=\"height:var(--wp--preset--spacing--50)\" aria-hidden=\"true\" class=\"wp-block-spacer\"><\/div>\n\n\n\n<figure class=\"wp-block-image size-large is-style-rounded is-style-rounded--10\"><img loading=\"lazy\" decoding=\"async\" width=\"1024\" height=\"588\" src=\"https:\/\/rybnicek-zebraky.cz\/wp-content\/uploads\/2023\/12\/cropped-Zebraky2022-15-1024x588.jpeg\" alt=\"\" class=\"wp-image-42\" style=\"aspect-ratio:16\/9;object-fit:cover\" srcset=\"https:\/\/rybnicek-zebraky.cz\/wp-content\/uploads\/2023\/12\/cropped-Zebraky2022-15-1024x588.jpeg 1024w, https:\/\/rybnicek-zebraky.cz\/wp-content\/uploads\/2023\/12\/cropped-Zebraky2022-15-600x345.jpeg 600w, https:\/\/rybnicek-zebraky.cz\/wp-content\/uploads\/2023\/12\/cropped-Zebraky2022-15-300x172.jpeg 300w, https:\/\/rybnicek-zebraky.cz\/wp-content\/uploads\/2023\/12\/cropped-Zebraky2022-15-768x441.jpeg 768w, https:\/\/rybnicek-zebraky.cz\/wp-content\/uploads\/2023\/12\/cropped-Zebraky2022-15-1536x883.jpeg 1536w, https:\/\/rybnicek-zebraky.cz\/wp-content\/uploads\/2023\/12\/cropped-Zebraky2022-15.jpeg 1998w\" sizes=\"auto, (max-width: 1024px) 100vw, 1024px\" \/><\/figure>\n\n\n\n<div style=\"height:100px\" aria-hidden=\"true\" class=\"wp-block-spacer\"><\/div>\n\n\n\n<figure class=\"wp-block-image size-large is-style-rounded is-style-rounded--11\"><img loading=\"lazy\" decoding=\"async\" width=\"1024\" height=\"768\" src=\"https:\/\/rybnicek-zebraky.cz\/wp-content\/uploads\/2024\/06\/IMG_2609-1024x768.jpg\" alt=\"\" class=\"wp-image-155\" srcset=\"https:\/\/rybnicek-zebraky.cz\/wp-content\/uploads\/2024\/06\/IMG_2609-1024x768.jpg 1024w, https:\/\/rybnicek-zebraky.cz\/wp-content\/uploads\/2024\/06\/IMG_2609-300x225.jpg 300w, https:\/\/rybnicek-zebraky.cz\/wp-content\/uploads\/2024\/06\/IMG_2609-768x576.jpg 768w, https:\/\/rybnicek-zebraky.cz\/wp-content\/uploads\/2024\/06\/IMG_2609-1536x1152.jpg 1536w, https:\/\/rybnicek-zebraky.cz\/wp-content\/uploads\/2024\/06\/IMG_2609-2048x1536.jpg 2048w, https:\/\/rybnicek-zebraky.cz\/wp-content\/uploads\/2024\/06\/IMG_2609-1320x990.jpg 1320w, https:\/\/rybnicek-zebraky.cz\/wp-content\/uploads\/2024\/06\/IMG_2609-600x450.jpg 600w\" sizes=\"auto, (max-width: 1024px) 100vw, 1024px\" \/><\/figure>\n<\/div>\n\n\n\n<div class=\"wp-block-column is-layout-flow wp-container-core-column-is-layout-8a368f38 wp-block-column-is-layout-flow\">\n<div style=\"height:var(--wp--preset--spacing--50)\" aria-hidden=\"true\" class=\"wp-block-spacer\"><\/div>\n\n\n\n<figure class=\"wp-block-image size-large is-style-rounded is-style-rounded--12\"><img loading=\"lazy\" decoding=\"async\" width=\"1024\" height=\"768\" src=\"https:\/\/rybnicek-zebraky.cz\/wp-content\/uploads\/2023\/12\/Zebraky2022-54-1024x768.jpeg\" alt=\"\" class=\"wp-image-24\" style=\"aspect-ratio:1;object-fit:cover\" srcset=\"https:\/\/rybnicek-zebraky.cz\/wp-content\/uploads\/2023\/12\/Zebraky2022-54-1024x768.jpeg 1024w, https:\/\/rybnicek-zebraky.cz\/wp-content\/uploads\/2023\/12\/Zebraky2022-54-600x450.jpeg 600w, https:\/\/rybnicek-zebraky.cz\/wp-content\/uploads\/2023\/12\/Zebraky2022-54-300x225.jpeg 300w, https:\/\/rybnicek-zebraky.cz\/wp-content\/uploads\/2023\/12\/Zebraky2022-54-768x576.jpeg 768w, https:\/\/rybnicek-zebraky.cz\/wp-content\/uploads\/2023\/12\/Zebraky2022-54-1536x1152.jpeg 1536w, https:\/\/rybnicek-zebraky.cz\/wp-content\/uploads\/2023\/12\/Zebraky2022-54.jpeg 2000w\" sizes=\"auto, (max-width: 1024px) 100vw, 1024px\" \/><\/figure>\n\n\n\n<div style=\"height:var(--wp--preset--spacing--50)\" aria-hidden=\"true\" class=\"wp-block-spacer\"><\/div>\n\n\n\n<figure class=\"wp-block-image size-large is-style-rounded is-style-rounded--13\"><img loading=\"lazy\" decoding=\"async\" width=\"1024\" height=\"768\" src=\"https:\/\/rybnicek-zebraky.cz\/wp-content\/uploads\/2023\/12\/Zebraky2022-10-1024x768.jpeg\" alt=\"\" class=\"wp-image-21\" style=\"aspect-ratio:16\/9;object-fit:cover\" srcset=\"https:\/\/rybnicek-zebraky.cz\/wp-content\/uploads\/2023\/12\/Zebraky2022-10-1024x768.jpeg 1024w, https:\/\/rybnicek-zebraky.cz\/wp-content\/uploads\/2023\/12\/Zebraky2022-10-600x450.jpeg 600w, https:\/\/rybnicek-zebraky.cz\/wp-content\/uploads\/2023\/12\/Zebraky2022-10-300x225.jpeg 300w, https:\/\/rybnicek-zebraky.cz\/wp-content\/uploads\/2023\/12\/Zebraky2022-10-768x576.jpeg 768w, https:\/\/rybnicek-zebraky.cz\/wp-content\/uploads\/2023\/12\/Zebraky2022-10-1536x1152.jpeg 1536w, https:\/\/rybnicek-zebraky.cz\/wp-content\/uploads\/2023\/12\/Zebraky2022-10.jpeg 2000w\" sizes=\"auto, (max-width: 1024px) 100vw, 1024px\" \/><\/figure>\n\n\n\n<div style=\"height:var(--wp--preset--spacing--50)\" aria-hidden=\"true\" class=\"wp-block-spacer\"><\/div>\n\n\n\n<figure class=\"wp-block-image size-large is-style-rounded is-style-rounded--14\"><img loading=\"lazy\" decoding=\"async\" width=\"1024\" height=\"768\" src=\"https:\/\/rybnicek-zebraky.cz\/wp-content\/uploads\/2023\/12\/Zebraky2022-2-1024x768.jpeg\" alt=\"\" class=\"wp-image-22\" style=\"aspect-ratio:9\/16;object-fit:cover\" srcset=\"https:\/\/rybnicek-zebraky.cz\/wp-content\/uploads\/2023\/12\/Zebraky2022-2-1024x768.jpeg 1024w, https:\/\/rybnicek-zebraky.cz\/wp-content\/uploads\/2023\/12\/Zebraky2022-2-600x450.jpeg 600w, https:\/\/rybnicek-zebraky.cz\/wp-content\/uploads\/2023\/12\/Zebraky2022-2-300x225.jpeg 300w, https:\/\/rybnicek-zebraky.cz\/wp-content\/uploads\/2023\/12\/Zebraky2022-2-768x576.jpeg 768w, https:\/\/rybnicek-zebraky.cz\/wp-content\/uploads\/2023\/12\/Zebraky2022-2-1536x1152.jpeg 1536w, https:\/\/rybnicek-zebraky.cz\/wp-content\/uploads\/2023\/12\/Zebraky2022-2.jpeg 1600w\" sizes=\"auto, (max-width: 1024px) 100vw, 1024px\" \/><\/figure>\n\n\n\n<div style=\"height:100px\" aria-hidden=\"true\" class=\"wp-block-spacer\"><\/div>\n\n\n\n<figure class=\"wp-block-image size-large is-style-rounded is-style-rounded--15\"><img loading=\"lazy\" decoding=\"async\" width=\"768\" height=\"1024\" src=\"https:\/\/rybnicek-zebraky.cz\/wp-content\/uploads\/2024\/06\/IMG_2611-768x1024.jpg\" alt=\"\" class=\"wp-image-156\" srcset=\"https:\/\/rybnicek-zebraky.cz\/wp-content\/uploads\/2024\/06\/IMG_2611-768x1024.jpg 768w, https:\/\/rybnicek-zebraky.cz\/wp-content\/uploads\/2024\/06\/IMG_2611-225x300.jpg 225w, https:\/\/rybnicek-zebraky.cz\/wp-content\/uploads\/2024\/06\/IMG_2611-1152x1536.jpg 1152w, https:\/\/rybnicek-zebraky.cz\/wp-content\/uploads\/2024\/06\/IMG_2611-1536x2048.jpg 1536w, https:\/\/rybnicek-zebraky.cz\/wp-content\/uploads\/2024\/06\/IMG_2611-1320x1760.jpg 1320w, https:\/\/rybnicek-zebraky.cz\/wp-content\/uploads\/2024\/06\/IMG_2611-600x800.jpg 600w, https:\/\/rybnicek-zebraky.cz\/wp-content\/uploads\/2024\/06\/IMG_2611-scaled.jpg 1920w\" sizes=\"auto, (max-width: 768px) 100vw, 768px\" \/><\/figure>\n<\/div>\n<\/div>\n<\/div>\n","protected":false},"excerpt":{"rendered":"<p>V\u011bt\u0161inou je u rybn\u00ed\u010dku klid a pohoda a mo\u017en\u00e1 potk\u00e1te n\u011bjak\u00e9ho ze st\u00e1l\u00fdch m\u00edstn\u00edch ryb\u00e1\u0159\u016f. N\u011bkter\u00e9 ilustra\u010dn\u00ed fotky jsou z uplynul\u00fdch m\u00edstn\u00edch ryb\u00e1\u0159sk\u00fdch z\u00e1vod\u016f. Norm\u00e1ln\u011b u n\u00e1s tolik ryb\u00e1\u0159\u016f najednou nenajdete.<\/p>\n","protected":false},"author":1,"featured_media":0,"parent":0,"menu_order":0,"comment_status":"closed","ping_status":"closed","template":"","meta":{"footnotes":""},"class_list":["post-101","page","type-page","status-publish","hentry"],"_links":{"self":[{"href":"https:\/\/rybnicek-zebraky.cz\/index.php\/wp-json\/wp\/v2\/pages\/101","targetHints":{"allow":["GET"]}}],"collection":[{"href":"https:\/\/rybnicek-zebraky.cz\/index.php\/wp-json\/wp\/v2\/pages"}],"about":[{"href":"https:\/\/rybnicek-zebraky.cz\/index.php\/wp-json\/wp\/v2\/types\/page"}],"author":[{"embeddable":true,"href":"https:\/\/rybnicek-zebraky.cz\/index.php\/wp-json\/wp\/v2\/users\/1"}],"replies":[{"embeddable":true,"href":"https:\/\/rybnicek-zebraky.cz\/index.php\/wp-json\/wp\/v2\/comments?post=101"}],"version-history":[{"count":7,"href":"https:\/\/rybnicek-zebraky.cz\/index.php\/wp-json\/wp\/v2\/pages\/101\/revisions"}],"predecessor-version":[{"id":172,"href":"https:\/\/rybnicek-zebraky.cz\/index.php\/wp-json\/wp\/v2\/pages\/101\/revisions\/172"}],"wp:attachment":[{"href":"https:\/\/rybnicek-zebraky.cz\/index.php\/wp-json\/wp\/v2\/media?parent=101"}],"curies":[{"name":"wp","href":"https:\/\/api.w.org\/{rel}","templated":true}]}}