{"id":180,"date":"2024-08-04T10:33:17","date_gmt":"2024-08-04T08:33:17","guid":{"rendered":"https:\/\/rybnicek-zebraky.cz\/?page_id=180"},"modified":"2024-08-04T10:41:39","modified_gmt":"2024-08-04T08:41:39","slug":"rybarske-zavody-24-8-2024","status":"publish","type":"page","link":"https:\/\/rybnicek-zebraky.cz\/index.php\/rybarske-zavody-24-8-2024\/","title":{"rendered":"Ryb\u00e1\u0159sk\u00e9 z\u00e1vody 24.8.2024"},"content":{"rendered":"\n<p><br><strong>Prezentace<\/strong>: 5:30<br><strong>Za\u010d\u00e1tek<\/strong>: 6:30<\/p>\n\n\n\n<p><\/p>\n\n\n\n<div class=\"wp-block-columns is-layout-flex wp-container-core-columns-is-layout-28f84493 wp-block-columns-is-layout-flex\">\n<div class=\"wp-block-column is-layout-flow wp-block-column-is-layout-flow\" style=\"flex-basis:50%\">\n<p><strong>Startovn\u00e9<\/strong>:<\/p>\n\n\n\n<ul class=\"wp-block-list\" style=\"padding-right:var(--wp--preset--spacing--30);padding-left:var(--wp--preset--spacing--30)\">\n<li>Dosp\u011bl\u00ed: <em>250 K\u010d<\/em><\/li>\n\n\n\n<li>D\u011bti: <em>150 K\u010d<\/em><\/li>\n<\/ul>\n<\/div>\n\n\n\n<div class=\"wp-block-column is-layout-flow wp-block-column-is-layout-flow\" style=\"flex-basis:50%\">\n<p><strong>P\u0159ipraveny jsou:<\/strong> poh\u00e1ry, ceny, ob\u010derstven\u00ed<\/p>\n\n\n\n<p><strong>Dal\u0161\u00ed informace na<\/strong>: <em>603 892 447<\/em><\/p>\n<\/div>\n<\/div>\n\n\n\n<p><strong>Pravidla<\/strong><\/p>\n\n\n\n<ul class=\"wp-block-list\" style=\"padding-right:var(--wp--preset--spacing--30);padding-left:var(--wp--preset--spacing--30)\">\n<li>Voln\u00fd v\u00fdb\u011br m\u00edst<\/li>\n\n\n\n<li>Z\u00e1vodn\u00edk si m\u016f\u017ee ponechat jednoho kapra 40 &#8211; 50 cm<\/li>\n<\/ul>\n\n\n\n<p><\/p>\n\n\n\n<figure class=\"wp-block-image aligncenter size-large is-resized\"><img loading=\"lazy\" decoding=\"async\" width=\"768\" height=\"1024\" src=\"https:\/\/rybnicek-zebraky.cz\/wp-content\/uploads\/2024\/08\/WhatsApp-Image-2024-05-23-at-19.21.00-768x1024.jpeg\" alt=\"\" class=\"wp-image-185\" style=\"width:320px;height:auto\" srcset=\"https:\/\/rybnicek-zebraky.cz\/wp-content\/uploads\/2024\/08\/WhatsApp-Image-2024-05-23-at-19.21.00-768x1024.jpeg 768w, https:\/\/rybnicek-zebraky.cz\/wp-content\/uploads\/2024\/08\/WhatsApp-Image-2024-05-23-at-19.21.00-225x300.jpeg 225w, https:\/\/rybnicek-zebraky.cz\/wp-content\/uploads\/2024\/08\/WhatsApp-Image-2024-05-23-at-19.21.00-1152x1536.jpeg 1152w, https:\/\/rybnicek-zebraky.cz\/wp-content\/uploads\/2024\/08\/WhatsApp-Image-2024-05-23-at-19.21.00-600x800.jpeg 600w, https:\/\/rybnicek-zebraky.cz\/wp-content\/uploads\/2024\/08\/WhatsApp-Image-2024-05-23-at-19.21.00.jpeg 1200w\" sizes=\"auto, (max-width: 768px) 100vw, 768px\" \/><\/figure>\n","protected":false},"excerpt":{"rendered":"<p>Prezentace: 5:30Za\u010d\u00e1tek: 6:30 Startovn\u00e9: P\u0159ipraveny jsou: poh\u00e1ry, ceny, ob\u010derstven\u00ed Dal\u0161\u00ed informace na: 603 892 447 Pravidla<\/p>\n","protected":false},"author":1,"featured_media":0,"parent":0,"menu_order":0,"comment_status":"closed","ping_status":"closed","template":"","meta":{"footnotes":""},"class_list":["post-180","page","type-page","status-publish","hentry"],"_links":{"self":[{"href":"https:\/\/rybnicek-zebraky.cz\/index.php\/wp-json\/wp\/v2\/pages\/180","targetHints":{"allow":["GET"]}}],"collection":[{"href":"https:\/\/rybnicek-zebraky.cz\/index.php\/wp-json\/wp\/v2\/pages"}],"about":[{"href":"https:\/\/rybnicek-zebraky.cz\/index.php\/wp-json\/wp\/v2\/types\/page"}],"author":[{"embeddable":true,"href":"https:\/\/rybnicek-zebraky.cz\/index.php\/wp-json\/wp\/v2\/users\/1"}],"replies":[{"embeddable":true,"href":"https:\/\/rybnicek-zebraky.cz\/index.php\/wp-json\/wp\/v2\/comments?post=180"}],"version-history":[{"count":2,"href":"https:\/\/rybnicek-zebraky.cz\/index.php\/wp-json\/wp\/v2\/pages\/180\/revisions"}],"predecessor-version":[{"id":187,"href":"https:\/\/rybnicek-zebraky.cz\/index.php\/wp-json\/wp\/v2\/pages\/180\/revisions\/187"}],"wp:attachment":[{"href":"https:\/\/rybnicek-zebraky.cz\/index.php\/wp-json\/wp\/v2\/media?parent=180"}],"curies":[{"name":"wp","href":"https:\/\/api.w.org\/{rel}","templated":true}]}}