{"id":182,"date":"2024-08-04T10:36:19","date_gmt":"2024-08-04T08:36:19","guid":{"rendered":"https:\/\/rybnicek-zebraky.cz\/?page_id=182"},"modified":"2026-03-19T22:38:50","modified_gmt":"2026-03-19T21:38:50","slug":"akce","status":"publish","type":"page","link":"https:\/\/rybnicek-zebraky.cz\/index.php\/akce\/","title":{"rendered":"Akce"},"content":{"rendered":"\n<p><a href=\"https:\/\/rybnicek-zebraky.cz\/index.php\/2026-06-20-rybarske-zavody\/\" data-type=\"page\" data-id=\"206\">2026.06.20 : Ryb\u00e1\u0159sk\u00e9 z\u00e1vody<\/a><\/p>\n\n\n\n<p><a href=\"https:\/\/rybnicek-zebraky.cz\/index.php\/2025-08-10-petanque-zavod\/\" data-type=\"page\" data-id=\"218\">2025.08.10 : Petanque z\u00e1vod<\/a><\/p>\n\n\n\n<p><a href=\"https:\/\/rybnicek-zebraky.cz\/index.php\/rybarske-zavody-24-8-2024\/\" data-type=\"page\" data-id=\"180\">2024.08.24 : Ryb\u00e1\u0159sk\u00e9 z\u00e1vody<\/a><\/p>\n\n\n\n<p><a href=\"https:\/\/rybnicek-zebraky.cz\/index.php\/petanque-2024-08-17\/\" data-type=\"page\" data-id=\"191\">2024.08.17 : Petanque z\u00e1vody<\/a><\/p>\n\n\n\n<p><\/p>\n\n\n\n<p><\/p>\n","protected":false},"excerpt":{"rendered":"<p>2026.06.20 : Ryb\u00e1\u0159sk\u00e9 z\u00e1vody 2025.08.10 : Petanque z\u00e1vod 2024.08.24 : Ryb\u00e1\u0159sk\u00e9 z\u00e1vody 2024.08.17 : Petanque z\u00e1vody<\/p>\n","protected":false},"author":1,"featured_media":0,"parent":0,"menu_order":0,"comment_status":"closed","ping_status":"closed","template":"","meta":{"footnotes":""},"class_list":["post-182","page","type-page","status-publish","hentry"],"_links":{"self":[{"href":"https:\/\/rybnicek-zebraky.cz\/index.php\/wp-json\/wp\/v2\/pages\/182","targetHints":{"allow":["GET"]}}],"collection":[{"href":"https:\/\/rybnicek-zebraky.cz\/index.php\/wp-json\/wp\/v2\/pages"}],"about":[{"href":"https:\/\/rybnicek-zebraky.cz\/index.php\/wp-json\/wp\/v2\/types\/page"}],"author":[{"embeddable":true,"href":"https:\/\/rybnicek-zebraky.cz\/index.php\/wp-json\/wp\/v2\/users\/1"}],"replies":[{"embeddable":true,"href":"https:\/\/rybnicek-zebraky.cz\/index.php\/wp-json\/wp\/v2\/comments?post=182"}],"version-history":[{"count":7,"href":"https:\/\/rybnicek-zebraky.cz\/index.php\/wp-json\/wp\/v2\/pages\/182\/revisions"}],"predecessor-version":[{"id":229,"href":"https:\/\/rybnicek-zebraky.cz\/index.php\/wp-json\/wp\/v2\/pages\/182\/revisions\/229"}],"wp:attachment":[{"href":"https:\/\/rybnicek-zebraky.cz\/index.php\/wp-json\/wp\/v2\/media?parent=182"}],"curies":[{"name":"wp","href":"https:\/\/api.w.org\/{rel}","templated":true}]}}