{"id":2,"date":"2023-12-10T19:43:44","date_gmt":"2023-12-10T18:43:44","guid":{"rendered":"https:\/\/rybnicek-zebraky.cz\/?page_id=2"},"modified":"2024-06-28T21:14:28","modified_gmt":"2024-06-28T19:14:28","slug":"zkusebni-stranka","status":"publish","type":"page","link":"https:\/\/rybnicek-zebraky.cz\/","title":{"rendered":"Ryba\u0159en\u00ed na \u017debr\u00e1k\u00e1ch"},"content":{"rendered":"\n<p>Nad\u0161en\u00ed ryb\u00e1\u0159i jsou u n\u00e1s v\u00edt\u00e1ni. Za\u010d\u00e1te\u010dn\u00edk i pokro\u010dil\u00ed, mal\u00fd i velk\u00fd ryb\u00e1\u0159 se u n\u00e1s bude c\u00edtit fajn. Sta\u010d\u00ed zde jen mrknout na pravidla, <a href=\"https:\/\/rybnicek-zebraky.cz\/index.php\/ceny\/\" data-type=\"page\" data-id=\"158\">ceny<\/a>, koupit <a href=\"https:\/\/rybnicek-zebraky.cz\/index.php\/obchod\/\" data-type=\"page\" data-id=\"7\">povolenku<\/a> a m\u016f\u017ee se chytat.<\/p>\n\n\n\n<div class=\"wp-block-group is-layout-flow wp-block-group-is-layout-flow\">\n<div class=\"wp-block-columns is-layout-flex wp-container-core-columns-is-layout-28f84493 wp-block-columns-is-layout-flex\">\n<div class=\"wp-block-column is-vertically-aligned-center is-layout-flow wp-block-column-is-layout-flow\">\n<p class=\"has-text-align-left has-heading-font-family has-large-font-size\"><strong>Pravidla Rybolovu:<\/strong><\/p>\n<\/div>\n\n\n\n<div class=\"wp-block-column is-layout-flow wp-block-column-is-layout-flow\">\n<figure class=\"wp-block-image alignright size-large is-resized is-style-rounded is-style-rounded--1\"><img loading=\"lazy\" decoding=\"async\" width=\"1024\" height=\"957\" src=\"https:\/\/rybnicek-zebraky.cz\/wp-content\/uploads\/2024\/06\/diterybar-1024x957.jpg\" alt=\"\" class=\"wp-image-169\" style=\"width:151px;height:auto\" srcset=\"https:\/\/rybnicek-zebraky.cz\/wp-content\/uploads\/2024\/06\/diterybar-1024x957.jpg 1024w, https:\/\/rybnicek-zebraky.cz\/wp-content\/uploads\/2024\/06\/diterybar-300x281.jpg 300w, https:\/\/rybnicek-zebraky.cz\/wp-content\/uploads\/2024\/06\/diterybar-768x718.jpg 768w, https:\/\/rybnicek-zebraky.cz\/wp-content\/uploads\/2024\/06\/diterybar-1536x1436.jpg 1536w, https:\/\/rybnicek-zebraky.cz\/wp-content\/uploads\/2024\/06\/diterybar-1320x1234.jpg 1320w, https:\/\/rybnicek-zebraky.cz\/wp-content\/uploads\/2024\/06\/diterybar-600x561.jpg 600w, https:\/\/rybnicek-zebraky.cz\/wp-content\/uploads\/2024\/06\/diterybar.jpg 1693w\" sizes=\"auto, (max-width: 1024px) 100vw, 1024px\" \/><\/figure>\n<\/div>\n<\/div>\n<\/div>\n\n\n\n<blockquote class=\"wp-block-quote is-style-default has-accent-4-background-color has-background has-large-font-size is-layout-flow wp-block-quote-is-layout-flow\" style=\"font-style:normal;font-weight:500\">\n<ol class=\"wp-block-list\">\n<li>Jeden ryb\u00e1\u0159 chyt\u00e1 na jeden prut<\/li>\n\n\n\n<li>Chyt\u00e1 se pouze s \u0159\u00e1dn\u00fdm vybaven\u00edm.\n<ul class=\"wp-block-list\">\n<li>Prut<\/li>\n\n\n\n<li>Vypro\u0161\u0165ova\u010d h\u00e1\u010dk\u016f<\/li>\n\n\n\n<li>Podb\u011br\u00e1k ryb<\/li>\n<\/ul>\n<\/li>\n\n\n\n<li>Chycenou rybu pus\u0165te zp\u00e1tky do rybn\u00ed\u010dku<\/li>\n\n\n\n<li>No\u010dn\u00ed chyt\u00e1n\u00ed je zak\u00e1z\u00e1no<\/li>\n\n\n\n<li>S uloven\u00fdmi rybami je lov\u00edc\u00ed povinen zach\u00e1zet \u0161etrn\u011b a&nbsp;dle ryb\u00e1\u0159sk\u00e9 etiky<\/li>\n\n\n\n<li>Chovejte se pros\u00edm \u0161etrn\u011b a ohledupln\u011b k p\u0159\u00edrod\u011b a zachov\u00e1vejte \u010distotu<\/li>\n\n\n\n<li>P\u0159ed odchodem pros\u00edm po sob\u011b ukli\u010fte <\/li>\n<\/ol>\n<\/blockquote>\n\n\n\n<p class=\"has-heading-font-family has-large-font-size\"><a href=\"https:\/\/rybnicek-zebraky.cz\/index.php\/obchod\/\" data-type=\"page\" data-id=\"7\"><strong>Povolenky<\/strong><\/a><\/p>\n\n\n\n<blockquote class=\"wp-block-quote is-layout-flow wp-block-quote-is-layout-flow\">\n<p>Povolenku od n\u00e1s dostanete, p\u0159\u00edmo na m\u00edst\u011b. Sta\u010d\u00ed n\u00e1m jen zavolat. Viz <a href=\"https:\/\/rybnicek-zebraky.cz\/index.php\/ceny\/\" data-type=\"page\" data-id=\"158\">ceny<\/a>. Nebo na na\u0161em internet obchod\u011b <a href=\"https:\/\/rybnicek-zebraky.cz\/index.php\/obchod\/\" data-type=\"page\" data-id=\"7\">zde<\/a>. Na\u0161e preference je si za\u0159\u00eddit povolenku p\u0159\u00edmo na m\u00edst\u011b. <\/p>\n\n\n\n<ul class=\"wp-block-list\">\n<li>Povolenka je v\u017edy pro jednoho ryb\u00e1\u0159e<\/li>\n\n\n\n<li>Pou\u017eijte pozn\u00e1mku p\u0159i n\u00e1kupu jestli nakupujete pro n\u011bkoho jin\u00e9ho, nebo zvl\u00e1\u0161tn\u00ed term\u00edn, atd. <\/li>\n\n\n\n<li>P\u0159i vyzv\u00e1n\u00ed n\u00e1m sta\u010d\u00ed povolenku uk\u00e1zat v jak\u00e9koliv podob\u011b<\/li>\n\n\n\n<li>M\u00edstn\u00ed d\u011bti osadn\u00edk\u016f ze vsi do 15 let maj\u00ed rybolov zdarma.<\/li>\n<\/ul>\n\n\n\n<p>Za zakoupen\u00e9 povolenky nakupujeme ryby a krmivo. P\u0159edem d\u011bkujeme za Va\u0161\u00ed podporu. <\/p>\n<\/blockquote>\n","protected":false},"excerpt":{"rendered":"<p>Nad\u0161en\u00ed ryb\u00e1\u0159i jsou u n\u00e1s v\u00edt\u00e1ni. Za\u010d\u00e1te\u010dn\u00edk i pokro\u010dil\u00ed, mal\u00fd i velk\u00fd ryb\u00e1\u0159 se u n\u00e1s bude c\u00edtit fajn. Sta\u010d\u00ed zde jen mrknout na pravidla, ceny, koupit povolenku a m\u016f\u017ee se chytat. Pravidla Rybolovu: Povolenky<\/p>\n","protected":false},"author":1,"featured_media":0,"parent":0,"menu_order":0,"comment_status":"closed","ping_status":"open","template":"","meta":{"footnotes":""},"class_list":["post-2","page","type-page","status-publish","hentry"],"_links":{"self":[{"href":"https:\/\/rybnicek-zebraky.cz\/index.php\/wp-json\/wp\/v2\/pages\/2","targetHints":{"allow":["GET"]}}],"collection":[{"href":"https:\/\/rybnicek-zebraky.cz\/index.php\/wp-json\/wp\/v2\/pages"}],"about":[{"href":"https:\/\/rybnicek-zebraky.cz\/index.php\/wp-json\/wp\/v2\/types\/page"}],"author":[{"embeddable":true,"href":"https:\/\/rybnicek-zebraky.cz\/index.php\/wp-json\/wp\/v2\/users\/1"}],"replies":[{"embeddable":true,"href":"https:\/\/rybnicek-zebraky.cz\/index.php\/wp-json\/wp\/v2\/comments?post=2"}],"version-history":[{"count":15,"href":"https:\/\/rybnicek-zebraky.cz\/index.php\/wp-json\/wp\/v2\/pages\/2\/revisions"}],"predecessor-version":[{"id":178,"href":"https:\/\/rybnicek-zebraky.cz\/index.php\/wp-json\/wp\/v2\/pages\/2\/revisions\/178"}],"wp:attachment":[{"href":"https:\/\/rybnicek-zebraky.cz\/index.php\/wp-json\/wp\/v2\/media?parent=2"}],"curies":[{"name":"wp","href":"https:\/\/api.w.org\/{rel}","templated":true}]}}