{"id":206,"date":"2026-03-19T21:48:19","date_gmt":"2026-03-19T20:48:19","guid":{"rendered":"https:\/\/rybnicek-zebraky.cz\/?page_id=206"},"modified":"2026-03-24T13:34:37","modified_gmt":"2026-03-24T12:34:37","slug":"2026-06-20-rybarske-zavody","status":"publish","type":"page","link":"https:\/\/rybnicek-zebraky.cz\/index.php\/2026-06-20-rybarske-zavody\/","title":{"rendered":"2026.06.20 : Ryb\u00e1\u0159sk\u00e9 z\u00e1vody"},"content":{"rendered":"\n<p><br><strong>Prezentace<\/strong>: 5:30<br><strong>Za\u010d\u00e1tek<\/strong>: 6:30<br><strong>Konec:<\/strong> 12:00<\/p>\n\n\n\n<p><\/p>\n\n\n\n<div class=\"wp-block-columns is-layout-flex wp-container-core-columns-is-layout-28f84493 wp-block-columns-is-layout-flex\">\n<div class=\"wp-block-column is-layout-flow wp-block-column-is-layout-flow\" style=\"flex-basis:50%\">\n<p><strong>Startovn\u00e9<\/strong>:<\/p>\n\n\n\n<ul style=\"padding-right:var(--wp--preset--spacing--30);padding-left:var(--wp--preset--spacing--30)\" class=\"wp-block-list\">\n<li>Dosp\u011bl\u00ed: <em>200 K\u010d<\/em><\/li>\n\n\n\n<li>D\u011bti: <em>100 K\u010d<\/em><\/li>\n<\/ul>\n<\/div>\n\n\n\n<div class=\"wp-block-column is-layout-flow wp-block-column-is-layout-flow\" style=\"flex-basis:50%\">\n<p><strong>P\u0159ipraveny jsou:<\/strong> poh\u00e1ry, ceny, ob\u010derstven\u00ed<\/p>\n\n\n\n<p><strong>Dal\u0161\u00ed informace na<\/strong>: <em>603 892 447<\/em><\/p>\n\n\n\n<p><strong>Email: info@rybnicek-zebraky.cz<\/strong><\/p>\n<\/div>\n<\/div>\n\n\n\n<p><strong>Pravidla<\/strong><\/p>\n\n\n\n<ul style=\"padding-right:var(--wp--preset--spacing--30);padding-left:var(--wp--preset--spacing--30)\" class=\"wp-block-list\">\n<li>Voln\u00fd v\u00fdb\u011br m\u00edst<\/li>\n\n\n\n<li>Z\u00e1vodn\u00edk si m\u016f\u017ee ponechat jednoho kapra 40 &#8211; 55 cm<\/li>\n\n\n\n<li>Do sout\u011b\u017ee se m\u011b\u0159\u00ed od 20 cm<\/li>\n<\/ul>\n\n\n\n<div class=\"wp-block-columns is-layout-flex wp-container-core-columns-is-layout-28f84493 wp-block-columns-is-layout-flex\">\n<div class=\"wp-block-column is-layout-flow wp-block-column-is-layout-flow\" style=\"flex-basis:100%\"><\/div>\n<\/div>\n\n\n\n<div class=\"wp-block-columns is-layout-flex wp-container-core-columns-is-layout-28f84493 wp-block-columns-is-layout-flex\">\n<div class=\"wp-block-column is-layout-flow wp-block-column-is-layout-flow\">\n<figure class=\"wp-block-image size-full is-resized\"><img loading=\"lazy\" decoding=\"async\" width=\"75\" height=\"75\" src=\"https:\/\/rybnicek-zebraky.cz\/wp-content\/uploads\/2026\/03\/rybarskezebricky.png\" alt=\"\" class=\"wp-image-237\" style=\"width:156px;height:auto\"\/><\/figure>\n<\/div>\n\n\n\n<div class=\"wp-block-column is-layout-flow wp-block-column-is-layout-flow\">\n<figure class=\"wp-block-image size-large\"><img loading=\"lazy\" decoding=\"async\" width=\"1024\" height=\"768\" src=\"https:\/\/rybnicek-zebraky.cz\/wp-content\/uploads\/2026\/03\/Rocnik26-1024x768.png\" alt=\"\" class=\"wp-image-215\" srcset=\"https:\/\/rybnicek-zebraky.cz\/wp-content\/uploads\/2026\/03\/Rocnik26-1024x768.png 1024w, https:\/\/rybnicek-zebraky.cz\/wp-content\/uploads\/2026\/03\/Rocnik26-300x225.png 300w, https:\/\/rybnicek-zebraky.cz\/wp-content\/uploads\/2026\/03\/Rocnik26-768x576.png 768w, https:\/\/rybnicek-zebraky.cz\/wp-content\/uploads\/2026\/03\/Rocnik26-1536x1152.png 1536w, https:\/\/rybnicek-zebraky.cz\/wp-content\/uploads\/2026\/03\/Rocnik26-1320x990.png 1320w, https:\/\/rybnicek-zebraky.cz\/wp-content\/uploads\/2026\/03\/Rocnik26-600x450.png 600w, https:\/\/rybnicek-zebraky.cz\/wp-content\/uploads\/2026\/03\/Rocnik26.png 2000w\" sizes=\"auto, (max-width: 1024px) 100vw, 1024px\" \/><figcaption class=\"wp-element-caption\">Zavody 2026<\/figcaption><\/figure>\n<\/div>\n\n\n\n<div class=\"wp-block-column is-layout-flow wp-block-column-is-layout-flow\">\n<figure class=\"wp-block-image size-large\"><img loading=\"lazy\" decoding=\"async\" width=\"1024\" height=\"539\" src=\"https:\/\/rybnicek-zebraky.cz\/wp-content\/uploads\/2026\/03\/logo-svetle-1024x539.jpg\" alt=\"\" class=\"wp-image-235\" srcset=\"https:\/\/rybnicek-zebraky.cz\/wp-content\/uploads\/2026\/03\/logo-svetle-1024x539.jpg 1024w, https:\/\/rybnicek-zebraky.cz\/wp-content\/uploads\/2026\/03\/logo-svetle-300x158.jpg 300w, https:\/\/rybnicek-zebraky.cz\/wp-content\/uploads\/2026\/03\/logo-svetle-768x405.jpg 768w, https:\/\/rybnicek-zebraky.cz\/wp-content\/uploads\/2026\/03\/logo-svetle-1536x809.jpg 1536w, https:\/\/rybnicek-zebraky.cz\/wp-content\/uploads\/2026\/03\/logo-svetle-2048x1079.jpg 2048w, https:\/\/rybnicek-zebraky.cz\/wp-content\/uploads\/2026\/03\/logo-svetle-1320x695.jpg 1320w, https:\/\/rybnicek-zebraky.cz\/wp-content\/uploads\/2026\/03\/logo-svetle-600x316.jpg 600w\" sizes=\"auto, (max-width: 1024px) 100vw, 1024px\" \/><\/figure>\n<\/div>\n<\/div>\n\n\n\n<p><\/p>\n","protected":false},"excerpt":{"rendered":"<p>Prezentace: 5:30Za\u010d\u00e1tek: 6:30Konec: 12:00 Startovn\u00e9: P\u0159ipraveny jsou: poh\u00e1ry, ceny, ob\u010derstven\u00ed Dal\u0161\u00ed informace na: 603 892 447 Email: info@rybnicek-zebraky.cz Pravidla<\/p>\n","protected":false},"author":1,"featured_media":0,"parent":0,"menu_order":0,"comment_status":"closed","ping_status":"closed","template":"","meta":{"footnotes":""},"class_list":["post-206","page","type-page","status-publish","hentry"],"_links":{"self":[{"href":"https:\/\/rybnicek-zebraky.cz\/index.php\/wp-json\/wp\/v2\/pages\/206","targetHints":{"allow":["GET"]}}],"collection":[{"href":"https:\/\/rybnicek-zebraky.cz\/index.php\/wp-json\/wp\/v2\/pages"}],"about":[{"href":"https:\/\/rybnicek-zebraky.cz\/index.php\/wp-json\/wp\/v2\/types\/page"}],"author":[{"embeddable":true,"href":"https:\/\/rybnicek-zebraky.cz\/index.php\/wp-json\/wp\/v2\/users\/1"}],"replies":[{"embeddable":true,"href":"https:\/\/rybnicek-zebraky.cz\/index.php\/wp-json\/wp\/v2\/comments?post=206"}],"version-history":[{"count":12,"href":"https:\/\/rybnicek-zebraky.cz\/index.php\/wp-json\/wp\/v2\/pages\/206\/revisions"}],"predecessor-version":[{"id":249,"href":"https:\/\/rybnicek-zebraky.cz\/index.php\/wp-json\/wp\/v2\/pages\/206\/revisions\/249"}],"wp:attachment":[{"href":"https:\/\/rybnicek-zebraky.cz\/index.php\/wp-json\/wp\/v2\/media?parent=206"}],"curies":[{"name":"wp","href":"https:\/\/api.w.org\/{rel}","templated":true}]}}